{"id":1399,"date":"2025-05-07T00:46:21","date_gmt":"2025-05-07T00:46:21","guid":{"rendered":"https:\/\/calli-design.com\/?page_id=1399"},"modified":"2025-06-11T17:30:19","modified_gmt":"2025-06-11T17:30:19","slug":"service-2","status":"publish","type":"page","link":"https:\/\/calli-design.com\/en\/service-2\/","title":{"rendered":"Service"},"content":{"rendered":"<div data-elementor-type=\"wp-page\" data-elementor-id=\"1399\" class=\"elementor elementor-1399\" data-elementor-post-type=\"page\">\n\t\t\t\t\t\t<section class=\"elementor-section elementor-top-section elementor-element elementor-element-c7419c8 pbmit-col-stretched-none pbmit-bg-color-over-image elementor-section-boxed elementor-section-height-default elementor-section-height-default\" data-id=\"c7419c8\" data-element_type=\"section\">\n\t\t\t\t\t\t<div class=\"elementor-container elementor-column-gap-default\">\n\t\t\t\t\t<div class=\"elementor-column elementor-col-100 elementor-top-column elementor-element elementor-element-1df6c34 pbmit-bg-color-over-image\" data-id=\"1df6c34\" data-element_type=\"column\">\n\t\t\t<div class=\"elementor-widget-wrap elementor-element-populated\">\n\t\t\t\t\t\t<section class=\"elementor-section elementor-inner-section elementor-element elementor-element-24744ef pbmit-col-stretched-none pbmit-bg-color-over-image elementor-section-boxed elementor-section-height-default elementor-section-height-default\" data-id=\"24744ef\" data-element_type=\"section\">\n\t\t\t\t\t\t<div class=\"elementor-container elementor-column-gap-default\">\n\t\t\t\t\t<div class=\"elementor-column elementor-col-50 elementor-inner-column elementor-element elementor-element-21eb145 elementor-hidden-mobile pbmit-bg-color-over-image\" data-id=\"21eb145\" data-element_type=\"column\">\n\t\t\t<div class=\"elementor-widget-wrap elementor-element-populated\">\n\t\t\t\t\t\t<div class=\"elementor-element elementor-element-390b64a elementor-hidden-mobile pbmit-animation-none elementor-widget elementor-widget-image\" data-id=\"390b64a\" data-element_type=\"widget\" data-widget_type=\"image.default\">\n\t\t\t\t<div class=\"elementor-widget-container\">\n\t\t\t\t\t\t\t\t\t\t\t\t\t\t\t<img fetchpriority=\"high\" decoding=\"async\" width=\"847\" height=\"565\" src=\"https:\/\/calli-design.com\/wp-content\/uploads\/2025\/06\/premium_photo-1701090939615-1794bbac5c06-1024x683.jpg\" class=\"attachment-large size-large wp-image-1565\" alt=\"\" srcset=\"https:\/\/calli-design.com\/wp-content\/uploads\/2025\/06\/premium_photo-1701090939615-1794bbac5c06-1024x683.jpg 1024w, https:\/\/calli-design.com\/wp-content\/uploads\/2025\/06\/premium_photo-1701090939615-1794bbac5c06-300x200.jpg 300w, https:\/\/calli-design.com\/wp-content\/uploads\/2025\/06\/premium_photo-1701090939615-1794bbac5c06-768x512.jpg 768w, https:\/\/calli-design.com\/wp-content\/uploads\/2025\/06\/premium_photo-1701090939615-1794bbac5c06-1536x1024.jpg 1536w, https:\/\/calli-design.com\/wp-content\/uploads\/2025\/06\/premium_photo-1701090939615-1794bbac5c06-2048x1365.jpg 2048w, https:\/\/calli-design.com\/wp-content\/uploads\/2025\/06\/premium_photo-1701090939615-1794bbac5c06-18x12.jpg 18w, https:\/\/calli-design.com\/wp-content\/uploads\/2025\/06\/premium_photo-1701090939615-1794bbac5c06-600x400.jpg 600w\" sizes=\"(max-width: 847px) 100vw, 847px\" \/>\t\t\t\t\t\t\t\t\t\t\t\t\t\t\t<\/div>\n\t\t\t\t<\/div>\n\t\t\t\t<div class=\"elementor-element elementor-element-47cf76b elementor-widget elementor-widget-text-editor\" data-id=\"47cf76b\" data-element_type=\"widget\" data-widget_type=\"text-editor.default\">\n\t\t\t\t<div class=\"elementor-widget-container\">\n\t\t\t\t\t\t\t\t\t<p>Nos services&#8230;<\/p>\t\t\t\t\t\t\t\t<\/div>\n\t\t\t\t<\/div>\n\t\t\t\t\t<\/div>\n\t\t<\/div>\n\t\t\t\t<div class=\"elementor-column elementor-col-50 elementor-inner-column elementor-element elementor-element-1da5d31 pbmit-bg-color-over-image\" data-id=\"1da5d31\" data-element_type=\"column\">\n\t\t\t<div class=\"elementor-widget-wrap elementor-element-populated\">\n\t\t\t\t\t\t<div class=\"elementor-element elementor-element-904b5cd elementor-hidden-desktop elementor-hidden-laptop elementor-hidden-tablet_extra elementor-hidden-tablet elementor-widget elementor-widget-text-editor\" data-id=\"904b5cd\" data-element_type=\"widget\" data-widget_type=\"text-editor.default\">\n\t\t\t\t<div class=\"elementor-widget-container\">\n\t\t\t\t\t\t\t\t\t<p>Nos services&#8230;<\/p>\t\t\t\t\t\t\t\t<\/div>\n\t\t\t\t<\/div>\n\t\t\t\t<div class=\"elementor-element elementor-element-80f8e86 elementor-widget elementor-widget-text-editor\" data-id=\"80f8e86\" data-element_type=\"widget\" data-widget_type=\"text-editor.default\">\n\t\t\t\t<div class=\"elementor-widget-container\">\n\t\t\t\t\t\t\t\t\t<p>Whether you are considering <em>a custom design, a renovation project or a new build,<\/em>our team is here to support you every step of the way, from design to completion.<\/p><p><span class=\"OYPEnA font-feature-liga-off font-feature-clig-off font-feature-calt-off text-decoration-none text-strikethrough-none\">We offer a variety of interior design services tailored to all types of projects, whether residential, commercial, corporate, or real estate, all designed to perfectly suit you.<\/span><\/p>\t\t\t\t\t\t\t\t<\/div>\n\t\t\t\t<\/div>\n\t\t\t\t\t<\/div>\n\t\t<\/div>\n\t\t\t\t\t<\/div>\n\t\t<\/section>\n\t\t\t\t<div class=\"elementor-element elementor-element-87986b7 elementor-widget elementor-widget-spacer\" data-id=\"87986b7\" data-element_type=\"widget\" data-widget_type=\"spacer.default\">\n\t\t\t\t<div class=\"elementor-widget-container\">\n\t\t\t\t\t\t\t<div class=\"elementor-spacer\">\n\t\t\t<div class=\"elementor-spacer-inner\"><\/div>\n\t\t<\/div>\n\t\t\t\t\t\t<\/div>\n\t\t\t\t<\/div>\n\t\t\t\t<section class=\"elementor-section elementor-inner-section elementor-element elementor-element-8ebabdd pbmit-col-stretched-none pbmit-bg-color-over-image elementor-section-boxed elementor-section-height-default elementor-section-height-default\" data-id=\"8ebabdd\" data-element_type=\"section\">\n\t\t\t\t\t\t<div class=\"elementor-container elementor-column-gap-default\">\n\t\t\t\t\t<div class=\"elementor-column elementor-col-50 elementor-inner-column elementor-element elementor-element-d92e021 pbmit-bg-color-over-image\" data-id=\"d92e021\" data-element_type=\"column\">\n\t\t\t<div class=\"elementor-widget-wrap elementor-element-populated\">\n\t\t\t\t\t\t<div class=\"elementor-element elementor-element-f8403c2 elementor-absolute pbmit-animation-none elementor-widget elementor-widget-image\" data-id=\"f8403c2\" data-element_type=\"widget\" data-settings=\"{&quot;_position&quot;:&quot;absolute&quot;,&quot;motion_fx_motion_fx_mouse&quot;:&quot;yes&quot;}\" data-widget_type=\"image.default\">\n\t\t\t\t<div class=\"elementor-widget-container\">\n\t\t\t\t\t\t\t\t\t\t\t\t\t\t\t<img decoding=\"async\" width=\"428\" height=\"670\" src=\"https:\/\/calli-design.com\/wp-content\/uploads\/2025\/05\/work-process-steps.png\" class=\"attachment-large size-large wp-image-1069\" alt=\"\" srcset=\"https:\/\/calli-design.com\/wp-content\/uploads\/2025\/05\/work-process-steps.png 428w, https:\/\/calli-design.com\/wp-content\/uploads\/2025\/05\/work-process-steps-192x300.png 192w\" sizes=\"(max-width: 428px) 100vw, 428px\" \/>\t\t\t\t\t\t\t\t\t\t\t\t\t\t\t<\/div>\n\t\t\t\t<\/div>\n\t\t\t\t<div class=\"elementor-element elementor-element-5968dc6 elementor-widget-laptop__width-initial elementor-widget elementor-widget-heading\" data-id=\"5968dc6\" data-element_type=\"widget\" data-widget_type=\"heading.default\">\n\t\t\t\t<div class=\"elementor-widget-container\">\n\t\t\t\t\t<h2 class=\"elementor-heading-title elementor-size-default translation-block\">P<br>H<br>A<br>S<br>E<br><br>O<br>F<br><br>P<br>R<br>O<br>J<br>E<br>C<br>T<br><\/h2>\t\t\t\t<\/div>\n\t\t\t\t<\/div>\n\t\t\t\t\t<\/div>\n\t\t<\/div>\n\t\t\t\t<div class=\"elementor-column elementor-col-50 elementor-inner-column elementor-element elementor-element-7a0dafc pbmit-bg-color-over-image\" data-id=\"7a0dafc\" data-element_type=\"column\">\n\t\t\t<div class=\"elementor-widget-wrap elementor-element-populated\">\n\t\t\t\t\t\t<div class=\"elementor-element elementor-element-033c428 elementor-widget-laptop__width-initial elementor-widget elementor-widget-heading\" data-id=\"033c428\" data-element_type=\"widget\" data-widget_type=\"heading.default\">\n\t\t\t\t<div class=\"elementor-widget-container\">\n\t\t\t\t\t<h2 class=\"elementor-heading-title elementor-size-default\"><b>0<\/b> -Consultation-<\/h2>\t\t\t\t<\/div>\n\t\t\t\t<\/div>\n\t\t\t\t<div class=\"elementor-element elementor-element-aba2a2f elementor-widget-laptop__width-initial elementor-widget elementor-widget-text-editor\" data-id=\"aba2a2f\" data-element_type=\"widget\" data-widget_type=\"text-editor.default\">\n\t\t\t\t<div class=\"elementor-widget-container\">\n\t\t\t\t\t\t\t\t\t<p style=\"text-align: left;\">\u00a0-Meeting remotely or in person<\/p><p style=\"text-align: left;\">-Presentation of the detailed service offer<\/p><p style=\"text-align: left;\">-Signing of contract<\/p>\t\t\t\t\t\t\t\t<\/div>\n\t\t\t\t<\/div>\n\t\t\t\t<div class=\"elementor-element elementor-element-0702dbd elementor-widget elementor-widget-spacer\" data-id=\"0702dbd\" data-element_type=\"widget\" data-widget_type=\"spacer.default\">\n\t\t\t\t<div class=\"elementor-widget-container\">\n\t\t\t\t\t\t\t<div class=\"elementor-spacer\">\n\t\t\t<div class=\"elementor-spacer-inner\"><\/div>\n\t\t<\/div>\n\t\t\t\t\t\t<\/div>\n\t\t\t\t<\/div>\n\t\t\t\t<div class=\"elementor-element elementor-element-cbcd6c4 elementor-widget-laptop__width-initial elementor-widget elementor-widget-heading\" data-id=\"cbcd6c4\" data-element_type=\"widget\" data-widget_type=\"heading.default\">\n\t\t\t\t<div class=\"elementor-widget-container\">\n\t\t\t\t\t<h2 class=\"elementor-heading-title elementor-size-default\"><b>I <\/b> -Preliminary-<\/h2>\t\t\t\t<\/div>\n\t\t\t\t<\/div>\n\t\t\t\t<div class=\"elementor-element elementor-element-8be2c3c elementor-widget-laptop__width-initial elementor-widget elementor-widget-text-editor\" data-id=\"8be2c3c\" data-element_type=\"widget\" data-widget_type=\"text-editor.default\">\n\t\t\t\t<div class=\"elementor-widget-container\">\n\t\t\t\t\t\t\t\t\t<p>\u00a0-Taking measurements\u00a0<\/p><p>-Space planning \u201cdevelopment options\u201d<\/p>\t\t\t\t\t\t\t\t<\/div>\n\t\t\t\t<\/div>\n\t\t\t\t<div class=\"elementor-element elementor-element-35cfca8 elementor-widget elementor-widget-spacer\" data-id=\"35cfca8\" data-element_type=\"widget\" data-widget_type=\"spacer.default\">\n\t\t\t\t<div class=\"elementor-widget-container\">\n\t\t\t\t\t\t\t<div class=\"elementor-spacer\">\n\t\t\t<div class=\"elementor-spacer-inner\"><\/div>\n\t\t<\/div>\n\t\t\t\t\t\t<\/div>\n\t\t\t\t<\/div>\n\t\t\t\t<div class=\"elementor-element elementor-element-9c5b61c elementor-widget-laptop__width-initial elementor-widget elementor-widget-heading\" data-id=\"9c5b61c\" data-element_type=\"widget\" data-widget_type=\"heading.default\">\n\t\t\t\t<div class=\"elementor-widget-container\">\n\t\t\t\t\t<h2 class=\"elementor-heading-title elementor-size-default\"><b>II<\/b> -Conceptual-<\/h2>\t\t\t\t<\/div>\n\t\t\t\t<\/div>\n\t\t\t\t<div class=\"elementor-element elementor-element-95452f0 elementor-widget-laptop__width-initial elementor-widget elementor-widget-text-editor\" data-id=\"95452f0\" data-element_type=\"widget\" data-widget_type=\"text-editor.default\">\n\t\t\t\t<div class=\"elementor-widget-container\">\n\t\t\t\t\t\t\t\t\t<p>-Mood Board<\/p><p>-Developing realistic 3D model<\/p><p>-Choice of materials<\/p>\t\t\t\t\t\t\t\t<\/div>\n\t\t\t\t<\/div>\n\t\t\t\t<div class=\"elementor-element elementor-element-2ba9782 elementor-widget elementor-widget-spacer\" data-id=\"2ba9782\" data-element_type=\"widget\" data-widget_type=\"spacer.default\">\n\t\t\t\t<div class=\"elementor-widget-container\">\n\t\t\t\t\t\t\t<div class=\"elementor-spacer\">\n\t\t\t<div class=\"elementor-spacer-inner\"><\/div>\n\t\t<\/div>\n\t\t\t\t\t\t<\/div>\n\t\t\t\t<\/div>\n\t\t\t\t<div class=\"elementor-element elementor-element-d3c8b8d elementor-widget-laptop__width-initial elementor-widget elementor-widget-heading\" data-id=\"d3c8b8d\" data-element_type=\"widget\" data-widget_type=\"heading.default\">\n\t\t\t\t<div class=\"elementor-widget-container\">\n\t\t\t\t\t<h2 class=\"elementor-heading-title elementor-size-default\"><b>III<\/b> -Technical-<\/h2>\t\t\t\t<\/div>\n\t\t\t\t<\/div>\n\t\t\t\t<div class=\"elementor-element elementor-element-1809a60 elementor-widget-laptop__width-initial elementor-widget elementor-widget-text-editor\" data-id=\"1809a60\" data-element_type=\"widget\" data-widget_type=\"text-editor.default\">\n\t\t\t\t<div class=\"elementor-widget-container\">\n\t\t\t\t\t\t\t\t\t<p style=\"text-align: left;\">\u00a0-Planning technical plans\u00a0<\/p><p style=\"text-align: left;\">-Quote request to the suppliers and intervenants.<\/p><p><i><b>On-site management<\/b><\/i>, as an option, we offer a complete service, coordinating all intervenants and suppliers from design to final delivery to ensure smooth running of the work, in other words a <i><u><strong>CL\u00c9 EN MAIN<\/strong> <\/u><\/i>who will accompany you from the beginning to the end of the work.<\/p>\t\t\t\t\t\t\t\t<\/div>\n\t\t\t\t<\/div>\n\t\t\t\t<div class=\"elementor-element elementor-element-eca1c7d elementor-widget elementor-widget-spacer\" data-id=\"eca1c7d\" data-element_type=\"widget\" data-widget_type=\"spacer.default\">\n\t\t\t\t<div class=\"elementor-widget-container\">\n\t\t\t\t\t\t\t<div class=\"elementor-spacer\">\n\t\t\t<div class=\"elementor-spacer-inner\"><\/div>\n\t\t<\/div>\n\t\t\t\t\t\t<\/div>\n\t\t\t\t<\/div>\n\t\t\t\t<div class=\"elementor-element elementor-element-e0f480c elementor-widget-laptop__width-initial elementor-widget elementor-widget-heading\" data-id=\"e0f480c\" data-element_type=\"widget\" data-widget_type=\"heading.default\">\n\t\t\t\t<div class=\"elementor-widget-container\">\n\t\t\t\t\t<h2 class=\"elementor-heading-title elementor-size-default\"><b>IV<\/b> -Realization-<\/h2>\t\t\t\t<\/div>\n\t\t\t\t<\/div>\n\t\t\t\t<div class=\"elementor-element elementor-element-9a041cb elementor-widget-laptop__width-initial elementor-widget elementor-widget-text-editor\" data-id=\"9a041cb\" data-element_type=\"widget\" data-widget_type=\"text-editor.default\">\n\t\t\t\t<div class=\"elementor-widget-container\">\n\t\t\t\t\t\t\t\t\t<p style=\"text-align: left;\">\u00a0-Start of work, Calli Design remains available at all times to answer questions about our current projects.\u00a0<\/p><p style=\"text-align: left;\">\u00a0<\/p>\t\t\t\t\t\t\t\t<\/div>\n\t\t\t\t<\/div>\n\t\t\t\t<div class=\"elementor-element elementor-element-36ffa6e elementor-widget elementor-widget-spacer\" data-id=\"36ffa6e\" data-element_type=\"widget\" data-widget_type=\"spacer.default\">\n\t\t\t\t<div class=\"elementor-widget-container\">\n\t\t\t\t\t\t\t<div class=\"elementor-spacer\">\n\t\t\t<div class=\"elementor-spacer-inner\"><\/div>\n\t\t<\/div>\n\t\t\t\t\t\t<\/div>\n\t\t\t\t<\/div>\n\t\t\t\t<div class=\"elementor-element elementor-element-69c5837 elementor-widget-laptop__width-initial elementor-widget elementor-widget-heading\" data-id=\"69c5837\" data-element_type=\"widget\" data-widget_type=\"heading.default\">\n\t\t\t\t<div class=\"elementor-widget-container\">\n\t\t\t\t\t<h2 class=\"elementor-heading-title elementor-size-default\"><b>V<\/b> -Furniture and Accessories-<\/h2>\t\t\t\t<\/div>\n\t\t\t\t<\/div>\n\t\t\t\t<div class=\"elementor-element elementor-element-b73a900 elementor-widget elementor-widget-text-editor\" data-id=\"b73a900\" data-element_type=\"widget\" data-widget_type=\"text-editor.default\">\n\t\t\t\t<div class=\"elementor-widget-container\">\n\t\t\t\t\t\t\t\t\t<p style=\"text-align: left;\">-Personalized selection of furniture and accessories.<\/p><p style=\"text-align: left;\">-There you go, let\u2019s visit your project to discover it together!<\/p>\t\t\t\t\t\t\t\t<\/div>\n\t\t\t\t<\/div>\n\t\t\t\t\t<\/div>\n\t\t<\/div>\n\t\t\t\t\t<\/div>\n\t\t<\/section>\n\t\t\t\t\t<\/div>\n\t\t<\/div>\n\t\t\t\t\t<\/div>\n\t\t<\/section>\n\t\t\t\t<section class=\"elementor-section elementor-top-section elementor-element elementor-element-0253e25 pbmit-col-stretched-none pbmit-bg-color-over-image elementor-section-boxed elementor-section-height-default elementor-section-height-default\" data-id=\"0253e25\" data-element_type=\"section\">\n\t\t\t\t\t\t<div class=\"elementor-container elementor-column-gap-default\">\n\t\t\t\t\t<div class=\"elementor-column elementor-col-100 elementor-top-column elementor-element elementor-element-e6c5235 pbmit-bg-color-over-image\" data-id=\"e6c5235\" data-element_type=\"column\">\n\t\t\t<div class=\"elementor-widget-wrap elementor-element-populated\">\n\t\t\t\t\t\t<section class=\"elementor-section elementor-inner-section elementor-element elementor-element-9a08c2b pbmit-col-stretched-none pbmit-bg-color-over-image elementor-section-boxed elementor-section-height-default elementor-section-height-default\" data-id=\"9a08c2b\" data-element_type=\"section\">\n\t\t\t\t\t\t<div class=\"elementor-container elementor-column-gap-default\">\n\t\t\t\t\t<div class=\"elementor-column elementor-col-100 elementor-inner-column elementor-element elementor-element-9d4183b pbmit-bg-color-over-image\" data-id=\"9d4183b\" data-element_type=\"column\">\n\t\t\t<div class=\"elementor-widget-wrap elementor-element-populated\">\n\t\t\t\t\t\t<div class=\"elementor-element elementor-element-0947fda elementor-widget-tablet_extra__width-initial elementor-widget elementor-widget-text-editor\" data-id=\"0947fda\" data-element_type=\"widget\" data-widget_type=\"text-editor.default\">\n\t\t\t\t<div class=\"elementor-widget-container\">\n\t\t\t\t\t\t\t\t\t<p class=\"p1\" style=\"text-align: center;\">Whatever your project, it is possible to customize <span style=\"text-decoration: underline;\"><strong>OUR SERVICES!<\/strong><\/span><\/p><p class=\"p1\"><strong>-DECORATION, STYLE &amp; PERSONALITY<\/strong><\/p><p class=\"p1\"><strong>-A LITTLE EXTRA<\/strong><\/p>\t\t\t\t\t\t\t\t<\/div>\n\t\t\t\t<\/div>\n\t\t\t\t\t<\/div>\n\t\t<\/div>\n\t\t\t\t\t<\/div>\n\t\t<\/section>\n\t\t\t\t\t<\/div>\n\t\t<\/div>\n\t\t\t\t\t<\/div>\n\t\t<\/section>\n\t\t\t\t<\/div>","protected":false},"excerpt":{"rendered":"<p>Nos services&#8230; Nos services&#8230; Que vous envisagiez un am\u00e9nagement sur mesure, un projet de r\u00e9novation ou une construction neuve, notre \u00e9quipe est l\u00e0 pour vous accompagner \u00e0 chaque \u00e9tape, de la conception \u00e0 la r\u00e9alisation. Nous offrons une vari\u00e9t\u00e9 des services de design d&rsquo;int\u00e9rieur adapt\u00e9s \u00e0 tous types de projets, qu&rsquo;ils soient r\u00e9sidentiels, commerciaux, corporatif [&hellip;]<\/p>","protected":false},"author":1,"featured_media":0,"parent":0,"menu_order":0,"comment_status":"closed","ping_status":"closed","template":"","meta":{"_acf_changed":false,"_eb_attr":"","inline_featured_image":false,"footnotes":""},"class_list":["post-1399","page","type-page","status-publish","hentry"],"acf":[],"_links":{"self":[{"href":"https:\/\/calli-design.com\/en\/wp-json\/wp\/v2\/pages\/1399","targetHints":{"allow":["GET"]}}],"collection":[{"href":"https:\/\/calli-design.com\/en\/wp-json\/wp\/v2\/pages"}],"about":[{"href":"https:\/\/calli-design.com\/en\/wp-json\/wp\/v2\/types\/page"}],"author":[{"embeddable":true,"href":"https:\/\/calli-design.com\/en\/wp-json\/wp\/v2\/users\/1"}],"replies":[{"embeddable":true,"href":"https:\/\/calli-design.com\/en\/wp-json\/wp\/v2\/comments?post=1399"}],"version-history":[{"count":70,"href":"https:\/\/calli-design.com\/en\/wp-json\/wp\/v2\/pages\/1399\/revisions"}],"predecessor-version":[{"id":1592,"href":"https:\/\/calli-design.com\/en\/wp-json\/wp\/v2\/pages\/1399\/revisions\/1592"}],"wp:attachment":[{"href":"https:\/\/calli-design.com\/en\/wp-json\/wp\/v2\/media?parent=1399"}],"curies":[{"name":"wp","href":"https:\/\/api.w.org\/{rel}","templated":true}]}}