{"id":579,"date":"2024-09-18T09:31:20","date_gmt":"2024-09-18T09:31:20","guid":{"rendered":"https:\/\/xinterio-demo.pbminfotech.com\/datasite-01\/?page_id=6144"},"modified":"2025-06-11T16:19:10","modified_gmt":"2025-06-11T16:19:10","slug":"accueil","status":"publish","type":"page","link":"https:\/\/calli-design.com\/en\/","title":{"rendered":"Home"},"content":{"rendered":"<div data-elementor-type=\"wp-page\" data-elementor-id=\"579\" class=\"elementor elementor-579\" data-elementor-post-type=\"page\">\n\t\t\t\t\t\t<section class=\"elementor-section elementor-top-section elementor-element elementor-element-99c0de9 pbmit-col-stretched-none pbmit-bg-color-over-image elementor-section-boxed elementor-section-height-default elementor-section-height-default\" data-id=\"99c0de9\" data-element_type=\"section\">\n\t\t\t\t\t\t<div class=\"elementor-container elementor-column-gap-default\">\n\t\t\t\t\t<div class=\"elementor-column elementor-col-100 elementor-top-column elementor-element elementor-element-e0ecbfa pbmit-bg-color-over-image\" data-id=\"e0ecbfa\" data-element_type=\"column\">\n\t\t\t<div class=\"elementor-widget-wrap elementor-element-populated\">\n\t\t\t\t\t\t<div class=\"elementor-element elementor-element-e14772e elementor-widget elementor-widget-spacer\" data-id=\"e14772e\" data-element_type=\"widget\" data-widget_type=\"spacer.default\">\n\t\t\t\t<div class=\"elementor-widget-container\">\n\t\t\t\t\t\t\t<div class=\"elementor-spacer\">\n\t\t\t<div class=\"elementor-spacer-inner\"><\/div>\n\t\t<\/div>\n\t\t\t\t\t\t<\/div>\n\t\t\t\t<\/div>\n\t\t\t\t\t<\/div>\n\t\t<\/div>\n\t\t\t\t\t<\/div>\n\t\t<\/section>\n\t\t\t\t<section class=\"elementor-section elementor-top-section elementor-element elementor-element-25f76f5 pbmit-col-stretched-none pbmit-bg-color-over-image elementor-section-boxed elementor-section-height-default elementor-section-height-default\" data-id=\"25f76f5\" data-element_type=\"section\">\n\t\t\t\t\t\t<div class=\"elementor-container elementor-column-gap-default\">\n\t\t\t\t\t<div class=\"elementor-column elementor-col-100 elementor-top-column elementor-element elementor-element-4fdcde0 pbmit-bg-color-over-image\" data-id=\"4fdcde0\" data-element_type=\"column\">\n\t\t\t<div class=\"elementor-widget-wrap elementor-element-populated\">\n\t\t\t\t\t\t<section class=\"elementor-section elementor-inner-section elementor-element elementor-element-0da8c2f pbmit-col-stretched-none pbmit-bg-color-over-image elementor-section-boxed elementor-section-height-default elementor-section-height-default\" data-id=\"0da8c2f\" data-element_type=\"section\">\n\t\t\t\t\t\t<div class=\"elementor-container elementor-column-gap-default\">\n\t\t\t\t\t<div class=\"elementor-column elementor-col-50 elementor-inner-column elementor-element elementor-element-84fabf8 pbmit-bg-color-over-image\" data-id=\"84fabf8\" data-element_type=\"column\">\n\t\t\t<div class=\"elementor-widget-wrap elementor-element-populated\">\n\t\t\t\t\t\t<div class=\"elementor-element elementor-element-4d23ea7 elementor-widget elementor-widget-text-editor\" data-id=\"4d23ea7\" data-element_type=\"widget\" data-widget_type=\"text-editor.default\">\n\t\t\t\t<div class=\"elementor-widget-container\">\n\t\t\t\t\t\t\t\t\t<p>Welcome to\u00a0<b>CALLI DESIGN\u00a0<\/b>un Studio de Design d&rsquo;Int\u00e9rieur bas\u00e9e \u00e0 Montr\u00e9al.<\/p><p>Specializing in interior design, we design spaces as real living spaces, designed to reflect your personality, your needs and your style, in order to create environments that are both functional, aesthetic and adapted to your daily life. Every detail is carefully thought out to maximize the comfort, harmony and efficiency of your residential or commercial space.<\/p>\t\t\t\t\t\t\t\t<\/div>\n\t\t\t\t<\/div>\n\t\t\t\t\t<\/div>\n\t\t<\/div>\n\t\t\t\t<div class=\"elementor-column elementor-col-50 elementor-inner-column elementor-element elementor-element-50142b3 pbmit-bg-color-over-image\" data-id=\"50142b3\" data-element_type=\"column\">\n\t\t\t<div class=\"elementor-widget-wrap elementor-element-populated\">\n\t\t\t\t\t\t<div class=\"elementor-element elementor-element-b967ad4 elementor-hidden-mobile pbmit-animation-none elementor-widget elementor-widget-image\" data-id=\"b967ad4\" data-element_type=\"widget\" data-widget_type=\"image.default\">\n\t\t\t\t<div class=\"elementor-widget-container\">\n\t\t\t\t\t\t\t\t\t\t\t\t\t\t\t<img fetchpriority=\"high\" decoding=\"async\" width=\"847\" height=\"405\" src=\"https:\/\/calli-design.com\/wp-content\/uploads\/revslider\/slider-demo-01\/demo1-slide-02-1024x490.jpg\" class=\"attachment-large size-large wp-image-265\" alt=\"\" srcset=\"https:\/\/calli-design.com\/wp-content\/uploads\/revslider\/slider-demo-01\/demo1-slide-02-1024x490.jpg 1024w, https:\/\/calli-design.com\/wp-content\/uploads\/revslider\/slider-demo-01\/demo1-slide-02-300x144.jpg 300w, https:\/\/calli-design.com\/wp-content\/uploads\/revslider\/slider-demo-01\/demo1-slide-02-768x368.jpg 768w, https:\/\/calli-design.com\/wp-content\/uploads\/revslider\/slider-demo-01\/demo1-slide-02-1536x736.jpg 1536w, https:\/\/calli-design.com\/wp-content\/uploads\/revslider\/slider-demo-01\/demo1-slide-02-600x287.jpg 600w, https:\/\/calli-design.com\/wp-content\/uploads\/revslider\/slider-demo-01\/demo1-slide-02.jpg 1900w\" sizes=\"(max-width: 847px) 100vw, 847px\" \/>\t\t\t\t\t\t\t\t\t\t\t\t\t\t\t<\/div>\n\t\t\t\t<\/div>\n\t\t\t\t\t<\/div>\n\t\t<\/div>\n\t\t\t\t\t<\/div>\n\t\t<\/section>\n\t\t\t\t\t<\/div>\n\t\t<\/div>\n\t\t\t\t\t<\/div>\n\t\t<\/section>\n\t\t\t\t<section class=\"elementor-section elementor-top-section elementor-element elementor-element-841716a pbmit-col-stretched-none pbmit-bg-color-over-image elementor-section-boxed elementor-section-height-default elementor-section-height-default\" data-id=\"841716a\" data-element_type=\"section\">\n\t\t\t\t\t\t<div class=\"elementor-container elementor-column-gap-default\">\n\t\t\t\t\t<div class=\"elementor-column elementor-col-50 elementor-top-column elementor-element elementor-element-e760040 pbmit-bg-color-over-image\" data-id=\"e760040\" data-element_type=\"column\">\n\t\t\t<div class=\"elementor-widget-wrap elementor-element-populated\">\n\t\t\t\t\t\t<div class=\"elementor-element elementor-element-ab33960 elementor-widget__width-initial elementor-widget-mobile__width-initial pbmit-animation-none elementor-widget elementor-widget-image\" data-id=\"ab33960\" data-element_type=\"widget\" data-widget_type=\"image.default\">\n\t\t\t\t<div class=\"elementor-widget-container\">\n\t\t\t\t\t\t\t\t\t\t\t\t\t\t\t<img decoding=\"async\" width=\"847\" height=\"566\" src=\"https:\/\/calli-design.com\/wp-content\/uploads\/2025\/04\/IMG_0258-1024x684.jpg\" class=\"attachment-large size-large wp-image-413\" alt=\"\" srcset=\"https:\/\/calli-design.com\/wp-content\/uploads\/2025\/04\/IMG_0258-1024x684.jpg 1024w, https:\/\/calli-design.com\/wp-content\/uploads\/2025\/04\/IMG_0258-300x200.jpg 300w, https:\/\/calli-design.com\/wp-content\/uploads\/2025\/04\/IMG_0258-768x513.jpg 768w, https:\/\/calli-design.com\/wp-content\/uploads\/2025\/04\/IMG_0258-1536x1026.jpg 1536w, https:\/\/calli-design.com\/wp-content\/uploads\/2025\/04\/IMG_0258-2048x1368.jpg 2048w, https:\/\/calli-design.com\/wp-content\/uploads\/2025\/04\/IMG_0258-600x401.jpg 600w\" sizes=\"(max-width: 847px) 100vw, 847px\" \/>\t\t\t\t\t\t\t\t\t\t\t\t\t\t\t<\/div>\n\t\t\t\t<\/div>\n\t\t\t\t\t<\/div>\n\t\t<\/div>\n\t\t\t\t<div class=\"elementor-column elementor-col-50 elementor-top-column elementor-element elementor-element-4476fdd pbmit-bg-color-over-image\" data-id=\"4476fdd\" data-element_type=\"column\">\n\t\t\t<div class=\"elementor-widget-wrap elementor-element-populated\">\n\t\t\t\t\t\t<div class=\"elementor-element elementor-element-004883d elementor-widget-mobile__width-initial elementor-widget elementor-widget-text-editor\" data-id=\"004883d\" data-element_type=\"widget\" data-widget_type=\"text-editor.default\">\n\t\t\t\t<div class=\"elementor-widget-container\">\n\t\t\t\t\t\t\t\t\t<h6><span style=\"font-weight: normal;\">Tell us about your project, and together we\u2019ll build an interior that suits you!<\/span><\/h6><p>Our clients' trust is at the heart of our approach. We pride ourselves on establishing a relationship based on transparency, attentiveness, and respect, in order to understand their needs and expectations. By offering personalized solutions and quality service, we ensure that each client feels supported and secure throughout their project.<\/p><p>\u00a0<\/p><p>\u00a0<\/p><p>\u00a0<\/p>\t\t\t\t\t\t\t\t<\/div>\n\t\t\t\t<\/div>\n\t\t\t\t\t<\/div>\n\t\t<\/div>\n\t\t\t\t\t<\/div>\n\t\t<\/section>\n\t\t\t\t<section class=\"elementor-section elementor-top-section elementor-element elementor-element-11690dc6 elementor-section-stretched pbmit-col-stretched-none pbmit-bg-color-over-image elementor-section-boxed elementor-section-height-default elementor-section-height-default\" data-id=\"11690dc6\" data-element_type=\"section\" data-settings=\"{&quot;stretch_section&quot;:&quot;section-stretched&quot;}\">\n\t\t\t\t\t\t<div class=\"elementor-container elementor-column-gap-no\">\n\t\t\t\t\t<div class=\"elementor-column elementor-col-100 elementor-top-column elementor-element elementor-element-3e8ff139 pbmit-bg-color-over-image\" data-id=\"3e8ff139\" data-element_type=\"column\">\n\t\t\t<div class=\"elementor-widget-wrap elementor-element-populated\">\n\t\t\t\t\t\t<div class=\"elementor-element elementor-element-4ea29309 pbmit-ele-header-align-center elementor-widget elementor-widget-pbmit_multiple_icon_heading\" data-id=\"4ea29309\" data-element_type=\"widget\" data-widget_type=\"pbmit_multiple_icon_heading.default\">\n\t\t\t\t<div class=\"elementor-widget-container\">\n\t\t\t\t\t\t\t\t<div class=\"pbminfotech-element\t\t\t\tpbminfotech-element-miconheading\t\t\t\tpbmit-element-miconheading-style-4\t\t\t\tpbmit-element-viewtype-row-column\t\t\t\tpbmit-element-column-four\t\t\t\tpbmit-element-sticky-carousel-false\t\t\t\tpbmit-element-caroursel-dot-false\t\t\t\tpbmit-infinite-scroll-no\t\t\t\tpbmit-infinite-scroll-button-no\t\t\t\tpbminfotech-gap-default\"\r\n\t\t\t\tdata-cpt=\"miconheading\"\r\n\t\t\t\tdata-totalpagination=\"1\"\r\n\t\t\t\tdata-style=\"4\"\r\n\t\t\t\tdata-show=\"3\"\r\n\t\t\t\tdata-columns=\"4\"\r\n\t\t\t\tdata-loop=\"false\"\r\n\t\t\t\tdata-autoplay=\"false\"\r\n\t\t\t\tdata-center=\"false\"\r\n\t\t\t\tdata-nav=\"false\"\r\n\t\t\t\tdata-dots=\"false\"\r\n\t\t\t\tdata-reverse=\"false\"\r\n\t\t\t\tdata-speed=\"1000\"\r\n\t\t\t\tdata-delay=\"4000\"\r\n\t\t\t\tdata-margin=\"default\"\r\n\t\t\t\tdata-show-portion=\"false\">\r\n\t\t\t\t<div class=\"pbmit-element-inner\">\r\n\t\t\t\t\t<div class=\"pbmit-ele-header-area\">\r\n\t\t\t <div class=\"pbmit-heading-subheading pbmit-reverse-heading-yes animation-style4\"><h4 class=\"pbmit-element-subtitle\"><span>\r\n\t\t\t\t<\/span>\r\n\t\t\t\t\r\n\t\t\t\t\tQUICK TIMELINE\r\n\t\t\t\t\r\n\t\t\t\t<\/h4>\r\n\t\t\t<\/div>\t\t<\/div>\r\n\t\t<div class=\"pbmit-ih-highlight\"><h2>Trust the process<\/h2><\/div>\r\n\t\t<div class=\"pbmit-element-posts-wrapper row multi-columns-row\">\r\n\t\t\t<article class=\"pbmit-ele pbmit-ele-miconheading pbmit-miconheading-style-4 col-md-6 col-lg-3\">\t\t\t\t\t\t<div class=\"pbmit-ihbox pbmit-ihbox-style-4\">\r\n\t\t\t\t\t\t\t<div class=\"pbmit-ihbox-headingicon\">\r\n\t<div class=\"pbmit-ihbox-icon\"><div class=\"pbmit-ihbox-icon-wrapper pbmit-icon-type-icon\"><svg class=\"e-font-icon-svg e-far-handshake\" viewbox=\"0 0 640 512\" xmlns=\"http:\/\/www.w3.org\/2000\/svg\"><path d=\"M519.2 127.9l-47.6-47.6A56.252 56.252 0 0 0 432 64H205.2c-14.8 0-29.1 5.9-39.6 16.3L118 127.9H0v255.7h64c17.6 0 31.8-14.2 31.9-31.7h9.1l84.6 76.4c30.9 25.1 73.8 25.7 105.6 3.8 12.5 10.8 26 15.9 41.1 15.9 18.2 0 35.3-7.4 48.8-24 22.1 8.7 48.2 2.6 64-16.8l26.2-32.3c5.6-6.9 9.1-14.8 10.9-23h57.9c.1 17.5 14.4 31.7 31.9 31.7h64V127.9H519.2zM48 351.6c-8.8 0-16-7.2-16-16s7.2-16 16-16 16 7.2 16 16c0 8.9-7.2 16-16 16zm390-6.9l-26.1 32.2c-2.8 3.4-7.8 4-11.3 1.2l-23.9-19.4-30 36.5c-6 7.3-15 4.8-18 2.4l-36.8-31.5-15.6 19.2c-13.9 17.1-39.2 19.7-55.3 6.6l-97.3-88H96V175.8h41.9l61.7-61.6c2-.8 3.7-1.5 5.7-2.3H262l-38.7 35.5c-29.4 26.9-31.1 72.3-4.4 101.3 14.8 16.2 61.2 41.2 101.5 4.4l8.2-7.5 108.2 87.8c3.4 2.8 3.9 7.9 1.2 11.3zm106-40.8h-69.2c-2.3-2.8-4.9-5.4-7.7-7.7l-102.7-83.4 12.5-11.4c6.5-6 7-16.1 1-22.6L367 167.1c-6-6.5-16.1-6.9-22.6-1l-55.2 50.6c-9.5 8.7-25.7 9.4-34.6 0-9.3-9.9-8.5-25.1 1.2-33.9l65.6-60.1c7.4-6.8 17-10.5 27-10.5l83.7-.2c2.1 0 4.1.8 5.5 2.3l61.7 61.6H544v128zm48 47.7c-8.8 0-16-7.2-16-16s7.2-16 16-16 16 7.2 16 16c0 8.9-7.2 16-16 16z\"><\/path><\/svg><\/div><\/div>\t<div class=\"pbmit-ihbox-box-number\">01<\/div>\t\t<h2 class=\"pbmit-element-title\">\r\n\t\t\t\t\t\t\t\t\r\n\t\t\t\t\t\t\t\t\tFirst meeting\r\n\t\t\t\t\t\t\t\t\r\n\t\t\t\t\t\t\t\t<\/h2>\r\n\t\t\t\t\t\t\t\t<div class=\"pbmit-heading-desc\">Start your project with a personalized discussion with the interior designer.<\/div>\t<\/div> \t\r\n\t\t\t\t\t\t<\/div>\r\n\t\t\t\t\t<\/article><article class=\"pbmit-ele pbmit-ele-miconheading pbmit-miconheading-style-4 col-md-6 col-lg-3\">\t\t\t\t\t\t<div class=\"pbmit-ihbox pbmit-ihbox-style-4\">\r\n\t\t\t\t\t\t\t<div class=\"pbmit-ihbox-headingicon\">\r\n\t<div class=\"pbmit-ihbox-icon\"><div class=\"pbmit-ihbox-icon-wrapper pbmit-icon-type-icon\"><svg class=\"e-font-icon-svg e-fas-pencil-alt\" viewbox=\"0 0 512 512\" xmlns=\"http:\/\/www.w3.org\/2000\/svg\"><path d=\"M497.9 142.1l-46.1 46.1c-4.7 4.7-12.3 4.7-17 0l-111-111c-4.7-4.7-4.7-12.3 0-17l46.1-46.1c18.7-18.7 49.1-18.7 67.9 0l60.1 60.1c18.8 18.7 18.8 49.1 0 67.9zM284.2 99.8L21.6 362.4.4 483.9c-2.9 16.4 11.4 30.6 27.8 27.8l121.5-21.3 262.6-262.6c4.7-4.7 4.7-12.3 0-17l-111-111c-4.8-4.7-12.4-4.7-17.1 0zM124.1 339.9c-5.5-5.5-5.5-14.3 0-19.8l154-154c5.5-5.5 14.3-5.5 19.8 0s5.5 14.3 0 19.8l-154 154c-5.5 5.5-14.3 5.5-19.8 0zM88 424h48v36.3l-64.5 11.3-31.1-31.1L51.7 376H88v48z\"><\/path><\/svg><\/div><\/div>\t<div class=\"pbmit-ihbox-box-number\">01<\/div>\t\t<h2 class=\"pbmit-element-title\">\r\n\t\t\t\t\t\t\t\t\r\n\t\t\t\t\t\t\t\t\tConceptualization\r\n\t\t\t\t\t\t\t\t\r\n\t\t\t\t\t\t\t\t<\/h2>\r\n\t\t\t\t\t\t\t\t<div class=\"pbmit-heading-desc\">Brainstorm ideas for the project concept, 3D, materials, colors...<\/div>\t<\/div> \t\r\n\t\t\t\t\t\t<\/div>\r\n\t\t\t\t\t<\/article><article class=\"pbmit-ele pbmit-ele-miconheading pbmit-miconheading-style-4 col-md-6 col-lg-3\">\t\t\t\t\t\t<div class=\"pbmit-ihbox pbmit-ihbox-style-4\">\r\n\t\t\t\t\t\t\t<div class=\"pbmit-ihbox-headingicon\">\r\n\t<div class=\"pbmit-ihbox-icon\"><div class=\"pbmit-ihbox-icon-wrapper pbmit-icon-type-icon\"><i class=\"pbmit-xinterio-icon pbmit-xinterio-icon-axis\"><\/i><\/div><\/div>\t<div class=\"pbmit-ihbox-box-number\">01<\/div>\t\t<h2 class=\"pbmit-element-title\">\r\n\t\t\t\t\t\t\t\t\r\n\t\t\t\t\t\t\t\t\tWork in progress\r\n\t\t\t\t\t\t\t\t\r\n\t\t\t\t\t\t\t\t<\/h2>\r\n\t\t\t\t\t\t\t\t<div class=\"pbmit-heading-desc\">Development of technical plans.\nWork begins.<\/div>\t<\/div> \t\r\n\t\t\t\t\t\t<\/div>\r\n\t\t\t\t\t<\/article><article class=\"pbmit-ele pbmit-ele-miconheading pbmit-miconheading-style-4 col-md-6 col-lg-3\">\t\t\t\t\t\t<div class=\"pbmit-ihbox pbmit-ihbox-style-4\">\r\n\t\t\t\t\t\t\t<div class=\"pbmit-ihbox-headingicon\">\r\n\t<div class=\"pbmit-ihbox-icon\"><div class=\"pbmit-ihbox-icon-wrapper pbmit-icon-type-icon\"><i class=\"sgicon sgicon-House\"><\/i><\/div><\/div>\t<div class=\"pbmit-ihbox-box-number\">01<\/div>\t\t<h2 class=\"pbmit-element-title\">\r\n\t\t\t\t\t\t\t\t\r\n\t\t\t\t\t\t\t\t\tFinishing\r\n\t\t\t\t\t\t\t\t\r\n\t\t\t\t\t\t\t\t<\/h2>\r\n\t\t\t\t\t\t\t\t<div class=\"pbmit-heading-desc\">Last step : The final touch to your project with the choice of furniture and accessories.<\/div>\t<\/div> \t\r\n\t\t\t\t\t\t<\/div>\r\n\t\t\t\t\t<\/article>\t\t<\/div>\r\n\t\t\t\t\t\t<\/div><!-- .pbmit-element-inner -->\r\n\t\t\t<\/div><!-- .pbminfotech-element -->\r\n\t\t\t\t\t\t\t<\/div>\n\t\t\t\t<\/div>\n\t\t\t\t\t<\/div>\n\t\t<\/div>\n\t\t\t\t\t<\/div>\n\t\t<\/section>\n\t\t\t\t<section class=\"elementor-section elementor-top-section elementor-element elementor-element-84407b0 pbmit-col-stretched-none pbmit-bg-color-over-image elementor-section-boxed elementor-section-height-default elementor-section-height-default\" data-id=\"84407b0\" data-element_type=\"section\">\n\t\t\t\t\t\t<div class=\"elementor-container elementor-column-gap-default\">\n\t\t\t\t\t<div class=\"elementor-column elementor-col-100 elementor-top-column elementor-element elementor-element-fe28e51 pbmit-bg-color-over-image\" data-id=\"fe28e51\" data-element_type=\"column\">\n\t\t\t<div class=\"elementor-widget-wrap elementor-element-populated\">\n\t\t\t\t\t\t<div class=\"elementor-element elementor-element-c468641 pbmit-btn-style-text elementor-align-center pbmit-btn-color-globalcolor pbmit-btn-hover-color-blackish pbmit-btn-shape-outline elementor-widget elementor-widget-button\" data-id=\"c468641\" data-element_type=\"widget\" data-widget_type=\"button.default\">\n\t\t\t\t<div class=\"elementor-widget-container\">\n\t\t\t\t\t\t\t\t\t<div class=\"elementor-button-wrapper\">\n\t\t\t\t\t<a class=\"elementor-button elementor-button-link elementor-size-sm\" href=\"https:\/\/calli-design.com\/en\/service-2\/\">\n\t\t\t\t\t\t<span class=\"elementor-button-content-wrapper\">\n\t\t\t\t\t\t\t\t\t<span class=\"elementor-button-text\">Discover our services<\/span>\n\t\t\t\t\t<\/span>\n\t\t\t\t\t<\/a>\n\t\t\t\t<\/div>\n\t\t\t\t\t\t\t\t<\/div>\n\t\t\t\t<\/div>\n\t\t\t\t\t<\/div>\n\t\t<\/div>\n\t\t\t\t\t<\/div>\n\t\t<\/section>\n\t\t\t\t<\/div>","protected":false},"excerpt":{"rendered":"<p>Bienvenue chez\u00a0CALLI DESIGN\u00a0un Studio de Design d&rsquo;Int\u00e9rieur bas\u00e9e \u00e0 Montr\u00e9al. Sp\u00e9cialis\u00e9 dans l\u2019am\u00e9nagement d\u2019int\u00e9rieur nous concevons\u00a0\u00a0des espaces en v\u00e9ritables lieux de vie, pens\u00e9s pour refl\u00e9ter votre personnalit\u00e9, vos besoins et votre style, afin de cr\u00e9er des environnements \u00e0 la fois fonctionnels, esth\u00e9tiques et adapt\u00e9s \u00e0 votre quotidien. Chaque d\u00e9tail est soigneusement pens\u00e9 pour maximiser le [&hellip;]<\/p>","protected":false},"author":1,"featured_media":0,"parent":0,"menu_order":0,"comment_status":"closed","ping_status":"closed","template":"","meta":{"_acf_changed":false,"_eb_attr":"","inline_featured_image":false,"footnotes":""},"class_list":["post-579","page","type-page","status-publish","hentry"],"acf":[],"_links":{"self":[{"href":"https:\/\/calli-design.com\/en\/wp-json\/wp\/v2\/pages\/579","targetHints":{"allow":["GET"]}}],"collection":[{"href":"https:\/\/calli-design.com\/en\/wp-json\/wp\/v2\/pages"}],"about":[{"href":"https:\/\/calli-design.com\/en\/wp-json\/wp\/v2\/types\/page"}],"author":[{"embeddable":true,"href":"https:\/\/calli-design.com\/en\/wp-json\/wp\/v2\/users\/1"}],"replies":[{"embeddable":true,"href":"https:\/\/calli-design.com\/en\/wp-json\/wp\/v2\/comments?post=579"}],"version-history":[{"count":146,"href":"https:\/\/calli-design.com\/en\/wp-json\/wp\/v2\/pages\/579\/revisions"}],"predecessor-version":[{"id":1559,"href":"https:\/\/calli-design.com\/en\/wp-json\/wp\/v2\/pages\/579\/revisions\/1559"}],"wp:attachment":[{"href":"https:\/\/calli-design.com\/en\/wp-json\/wp\/v2\/media?parent=579"}],"curies":[{"name":"wp","href":"https:\/\/api.w.org\/{rel}","templated":true}]}}