{"id":90,"date":"2024-05-17T10:57:20","date_gmt":"2024-05-17T10:57:20","guid":{"rendered":"http:\/\/xinterio-demo.pbminfotech.com\/demo1\/?page_id=4865"},"modified":"2025-06-11T16:33:21","modified_gmt":"2025-06-11T16:33:21","slug":"a-propos","status":"publish","type":"page","link":"https:\/\/calli-design.com\/en\/a-propos\/","title":{"rendered":"About us"},"content":{"rendered":"<div data-elementor-type=\"wp-page\" data-elementor-id=\"90\" class=\"elementor elementor-90\" data-elementor-post-type=\"page\">\n\t\t\t\t\t\t<section class=\"elementor-section elementor-top-section elementor-element elementor-element-9e25c0e pbmit-col-stretched-none pbmit-bg-color-over-image elementor-section-boxed elementor-section-height-default elementor-section-height-default\" data-id=\"9e25c0e\" data-element_type=\"section\">\n\t\t\t\t\t\t<div class=\"elementor-container elementor-column-gap-default\">\n\t\t\t\t\t<div class=\"elementor-column elementor-col-100 elementor-top-column elementor-element elementor-element-7bb4c0e pbmit-bg-color-over-image\" data-id=\"7bb4c0e\" data-element_type=\"column\">\n\t\t\t<div class=\"elementor-widget-wrap elementor-element-populated\">\n\t\t\t\t\t\t<section class=\"elementor-section elementor-inner-section elementor-element elementor-element-b78997f pbmit-col-stretched-none pbmit-bg-color-over-image elementor-section-boxed elementor-section-height-default elementor-section-height-default\" data-id=\"b78997f\" data-element_type=\"section\">\n\t\t\t\t\t\t<div class=\"elementor-container elementor-column-gap-default\">\n\t\t\t\t\t<div class=\"elementor-column elementor-col-100 elementor-inner-column elementor-element elementor-element-5bfa883 pbmit-bg-color-over-image\" data-id=\"5bfa883\" data-element_type=\"column\">\n\t\t\t<div class=\"elementor-widget-wrap elementor-element-populated\">\n\t\t\t\t\t\t<div class=\"elementor-element elementor-element-1c4cfaa elementor-widget elementor-widget-heading\" data-id=\"1c4cfaa\" data-element_type=\"widget\" data-widget_type=\"heading.default\">\n\t\t\t\t<div class=\"elementor-widget-container\">\n\t\t\t\t\t<h2 class=\"elementor-heading-title elementor-size-default\">\u00c0 propos de nous<\/h2>\t\t\t\t<\/div>\n\t\t\t\t<\/div>\n\t\t\t\t\t<\/div>\n\t\t<\/div>\n\t\t\t\t\t<\/div>\n\t\t<\/section>\n\t\t\t\t<section class=\"elementor-section elementor-inner-section elementor-element elementor-element-fa1875a pbmit-col-stretched-none pbmit-bg-color-over-image elementor-section-boxed elementor-section-height-default elementor-section-height-default\" data-id=\"fa1875a\" data-element_type=\"section\">\n\t\t\t\t\t\t<div class=\"elementor-container elementor-column-gap-default\">\n\t\t\t\t\t<div class=\"elementor-column elementor-col-50 elementor-inner-column elementor-element elementor-element-0825ad4 pbmit-bg-color-over-image\" data-id=\"0825ad4\" data-element_type=\"column\">\n\t\t\t<div class=\"elementor-widget-wrap elementor-element-populated\">\n\t\t\t\t\t\t<div class=\"elementor-element elementor-element-2f9ab85 pbmit-animation-none elementor-widget elementor-widget-image\" data-id=\"2f9ab85\" data-element_type=\"widget\" data-widget_type=\"image.default\">\n\t\t\t\t<div class=\"elementor-widget-container\">\n\t\t\t\t\t\t\t\t\t\t\t\t\t\t\t<img fetchpriority=\"high\" decoding=\"async\" width=\"684\" height=\"1024\" src=\"https:\/\/calli-design.com\/wp-content\/uploads\/2025\/04\/IMG_0254-684x1024.jpg\" class=\"attachment-large size-large wp-image-410\" alt=\"\" srcset=\"https:\/\/calli-design.com\/wp-content\/uploads\/2025\/04\/IMG_0254-684x1024.jpg 684w, https:\/\/calli-design.com\/wp-content\/uploads\/2025\/04\/IMG_0254-200x300.jpg 200w, https:\/\/calli-design.com\/wp-content\/uploads\/2025\/04\/IMG_0254-768x1150.jpg 768w, https:\/\/calli-design.com\/wp-content\/uploads\/2025\/04\/IMG_0254-1026x1536.jpg 1026w, https:\/\/calli-design.com\/wp-content\/uploads\/2025\/04\/IMG_0254-1368x2048.jpg 1368w, https:\/\/calli-design.com\/wp-content\/uploads\/2025\/04\/IMG_0254-600x898.jpg 600w, https:\/\/calli-design.com\/wp-content\/uploads\/2025\/04\/IMG_0254-scaled.jpg 1710w\" sizes=\"(max-width: 684px) 100vw, 684px\" \/>\t\t\t\t\t\t\t\t\t\t\t\t\t\t\t<\/div>\n\t\t\t\t<\/div>\n\t\t\t\t\t<\/div>\n\t\t<\/div>\n\t\t\t\t<div class=\"elementor-column elementor-col-50 elementor-inner-column elementor-element elementor-element-0002880 pbmit-bg-color-over-image\" data-id=\"0002880\" data-element_type=\"column\">\n\t\t\t<div class=\"elementor-widget-wrap elementor-element-populated\">\n\t\t\t\t\t\t<div class=\"elementor-element elementor-element-1d15dd8 elementor-widget elementor-widget-text-editor\" data-id=\"1d15dd8\" data-element_type=\"widget\" data-widget_type=\"text-editor.default\">\n\t\t\t\t<div class=\"elementor-widget-container\">\n\t\t\t\t\t\t\t\t\t<p>Calli's DNA<\/p>\t\t\t\t\t\t\t\t<\/div>\n\t\t\t\t<\/div>\n\t\t\t\t<div class=\"elementor-element elementor-element-45c1b64 elementor-widget-tablet_extra__width-initial elementor-widget elementor-widget-text-editor\" data-id=\"45c1b64\" data-element_type=\"widget\" data-widget_type=\"text-editor.default\">\n\t\t\t\t<div class=\"elementor-widget-container\">\n\t\t\t\t\t\t\t\t\t<div><p>\u201cCalli\u201d is a word in Nahuatl, the ancestral language of the indigenous peoples of Mexico. It means \u201chome.\u201d<b>\u00a0<\/b>Two words, two cultures, one idea:\u00a0<b>Home,<\/b>\u00a0the place where it all begins, where you feel safe, loved, free to be yourself.<\/p><p>The logo, as you've probably noticed, is terracotta. This is no coincidence. This warm color, derived from terracotta, symbolizes our roots. It recalls the earth, the one we touch, the one we inhabit, the one from which dreams are born.\u00a0<\/p><p>Because deep down, every dream begins in a piece of land\u2026 in a little corner we call \u2018home\u2019.\u201d<\/p><\/div>\t\t\t\t\t\t\t\t<\/div>\n\t\t\t\t<\/div>\n\t\t\t\t<div class=\"elementor-element elementor-element-62f6074 elementor-widget elementor-widget-text-editor\" data-id=\"62f6074\" data-element_type=\"widget\" data-widget_type=\"text-editor.default\">\n\t\t\t\t<div class=\"elementor-widget-container\">\n\t\t\t\t\t\t\t\t\t<p>OUR PHILOSOPHY\u00a0<\/p>\t\t\t\t\t\t\t\t<\/div>\n\t\t\t\t<\/div>\n\t\t\t\t<div class=\"elementor-element elementor-element-1b2edcf elementor-widget elementor-widget-text-editor\" data-id=\"1b2edcf\" data-element_type=\"widget\" data-widget_type=\"text-editor.default\">\n\t\t\t\t<div class=\"elementor-widget-container\">\n\t\t\t\t\t\t\t\t\t<p>\u201cInterior design is not just about beauty, it\u2019s about well-being. A well-designed space has the power to transform the state of mind of its inhabitants, to increase their productivity, to promote their serenity.\u201d<\/p>\t\t\t\t\t\t\t\t<\/div>\n\t\t\t\t<\/div>\n\t\t\t\t\t<\/div>\n\t\t<\/div>\n\t\t\t\t\t<\/div>\n\t\t<\/section>\n\t\t\t\t\t<\/div>\n\t\t<\/div>\n\t\t\t\t\t<\/div>\n\t\t<\/section>\n\t\t\t\t<section class=\"elementor-section elementor-top-section elementor-element elementor-element-dc89c8d pbmit-col-stretched-none pbmit-bg-color-over-image elementor-section-boxed elementor-section-height-default elementor-section-height-default\" data-id=\"dc89c8d\" data-element_type=\"section\">\n\t\t\t\t\t\t<div class=\"elementor-container elementor-column-gap-default\">\n\t\t\t\t\t<div class=\"elementor-column elementor-col-100 elementor-top-column elementor-element elementor-element-eb37bf2 pbmit-bg-color-over-image\" data-id=\"eb37bf2\" data-element_type=\"column\">\n\t\t\t<div class=\"elementor-widget-wrap elementor-element-populated\">\n\t\t\t\t\t\t<section class=\"elementor-section elementor-inner-section elementor-element elementor-element-9533adb pbmit-col-stretched-none pbmit-bg-color-over-image elementor-section-boxed elementor-section-height-default elementor-section-height-default\" data-id=\"9533adb\" data-element_type=\"section\">\n\t\t\t\t\t\t<div class=\"elementor-container elementor-column-gap-default\">\n\t\t\t\t\t<div class=\"elementor-column elementor-col-50 elementor-inner-column elementor-element elementor-element-daaebfd pbmit-bg-color-over-image\" data-id=\"daaebfd\" data-element_type=\"column\">\n\t\t\t<div class=\"elementor-widget-wrap elementor-element-populated\">\n\t\t\t\t\t\t<div class=\"elementor-element elementor-element-3c44efe elementor-widget elementor-widget-text-editor\" data-id=\"3c44efe\" data-element_type=\"widget\" data-widget_type=\"text-editor.default\">\n\t\t\t\t<div class=\"elementor-widget-container\">\n\t\t\t\t\t\t\t\t\t<p>The team behind Calli<\/p>\t\t\t\t\t\t\t\t<\/div>\n\t\t\t\t<\/div>\n\t\t\t\t<div class=\"elementor-element elementor-element-397799a elementor-widget elementor-widget-text-editor\" data-id=\"397799a\" data-element_type=\"widget\" data-widget_type=\"text-editor.default\">\n\t\t\t\t<div class=\"elementor-widget-container\">\n\t\t\t\t\t\t\t\t\t<p>Ruth Chavez, founder of \"Calli Design\", a company passionate about creating unique interiors that combine modern elegance with the warm soul of Mexico, interior designer passionate about the art of transforming spaces into unique and inspiring places.<\/p><p>My journey began in Mexico, where I earned a Bachelor of Architecture degree. This training allowed me to develop a solid understanding of volumes, structures, and spatial harmony. I then expanded my creative vision in Montreal, completing an AEC in Interior Design\u2014an experience that brought me even closer to humanity and the aesthetics of everyday life.<\/p><p>Today, I combine these two worlds to create spaces that are functional, elegant, and full of personality. Whether for a residence, a business, or an office, each project is an opportunity for me to tell a story through materials, light, colors, and shapes.<\/p><p>.<\/p>\t\t\t\t\t\t\t\t<\/div>\n\t\t\t\t<\/div>\n\t\t\t\t\t<\/div>\n\t\t<\/div>\n\t\t\t\t<div class=\"elementor-column elementor-col-50 elementor-inner-column elementor-element elementor-element-ecbc79a pbmit-bg-color-over-image\" data-id=\"ecbc79a\" data-element_type=\"column\">\n\t\t\t<div class=\"elementor-widget-wrap elementor-element-populated\">\n\t\t\t\t\t\t<div class=\"elementor-element elementor-element-00e3aaa pbmit-animation-none elementor-widget elementor-widget-image\" data-id=\"00e3aaa\" data-element_type=\"widget\" data-widget_type=\"image.default\">\n\t\t\t\t<div class=\"elementor-widget-container\">\n\t\t\t\t\t\t\t\t\t\t\t\t\t\t\t<img decoding=\"async\" width=\"847\" height=\"566\" src=\"https:\/\/calli-design.com\/wp-content\/uploads\/2025\/04\/IMG_0255-1024x684.jpg\" class=\"attachment-large size-large wp-image-411\" alt=\"\" srcset=\"https:\/\/calli-design.com\/wp-content\/uploads\/2025\/04\/IMG_0255-1024x684.jpg 1024w, https:\/\/calli-design.com\/wp-content\/uploads\/2025\/04\/IMG_0255-300x200.jpg 300w, https:\/\/calli-design.com\/wp-content\/uploads\/2025\/04\/IMG_0255-768x513.jpg 768w, https:\/\/calli-design.com\/wp-content\/uploads\/2025\/04\/IMG_0255-1536x1026.jpg 1536w, https:\/\/calli-design.com\/wp-content\/uploads\/2025\/04\/IMG_0255-2048x1368.jpg 2048w, https:\/\/calli-design.com\/wp-content\/uploads\/2025\/04\/IMG_0255-600x401.jpg 600w\" sizes=\"(max-width: 847px) 100vw, 847px\" \/>\t\t\t\t\t\t\t\t\t\t\t\t\t\t\t<\/div>\n\t\t\t\t<\/div>\n\t\t\t\t\t<\/div>\n\t\t<\/div>\n\t\t\t\t\t<\/div>\n\t\t<\/section>\n\t\t\t\t\t<\/div>\n\t\t<\/div>\n\t\t\t\t\t<\/div>\n\t\t<\/section>\n\t\t\t\t<\/div>","protected":false},"excerpt":{"rendered":"<p>\u00c0 propos de nous L&rsquo;ADN de Calli \u201cCalli\u201d, c\u2019est un mot en nahuatl, la langue ancestrale des peuples autochtones du Mexique. Il veut dire \u201cmaison\u201d.\u00a0Deux mots, deux cultures, une seule id\u00e9e\u00a0:\u00a0le foyer,\u00a0l\u2019endroit o\u00f9 tout commence, o\u00f9 l&rsquo;on se sent en s\u00e9curit\u00e9, aim\u00e9, libre d\u2019\u00eatre soi. Le logo, vous l\u2019avez s\u00fbrement remarqu\u00e9, est en terracotta. Ce [&hellip;]<\/p>","protected":false},"author":1,"featured_media":0,"parent":0,"menu_order":3,"comment_status":"closed","ping_status":"closed","template":"","meta":{"_acf_changed":false,"_eb_attr":"","inline_featured_image":false,"footnotes":""},"class_list":["post-90","page","type-page","status-publish","hentry"],"acf":[],"_links":{"self":[{"href":"https:\/\/calli-design.com\/en\/wp-json\/wp\/v2\/pages\/90","targetHints":{"allow":["GET"]}}],"collection":[{"href":"https:\/\/calli-design.com\/en\/wp-json\/wp\/v2\/pages"}],"about":[{"href":"https:\/\/calli-design.com\/en\/wp-json\/wp\/v2\/types\/page"}],"author":[{"embeddable":true,"href":"https:\/\/calli-design.com\/en\/wp-json\/wp\/v2\/users\/1"}],"replies":[{"embeddable":true,"href":"https:\/\/calli-design.com\/en\/wp-json\/wp\/v2\/comments?post=90"}],"version-history":[{"count":103,"href":"https:\/\/calli-design.com\/en\/wp-json\/wp\/v2\/pages\/90\/revisions"}],"predecessor-version":[{"id":1593,"href":"https:\/\/calli-design.com\/en\/wp-json\/wp\/v2\/pages\/90\/revisions\/1593"}],"wp:attachment":[{"href":"https:\/\/calli-design.com\/en\/wp-json\/wp\/v2\/media?parent=90"}],"curies":[{"name":"wp","href":"https:\/\/api.w.org\/{rel}","templated":true}]}}